{"id":1625,"date":"2021-01-12T10:10:57","date_gmt":"2021-01-12T09:10:57","guid":{"rendered":"https:\/\/www.appartements-toblach.it\/impressum\/"},"modified":"2026-01-28T10:49:42","modified_gmt":"2026-01-28T09:49:42","slug":"impressum","status":"publish","type":"page","link":"https:\/\/www.appartements-toblach.it\/it\/impressum\/","title":{"rendered":"Impressum"},"content":{"rendered":"\t\t<div data-elementor-type=\"wp-post\" data-elementor-id=\"1625\" class=\"elementor elementor-1625 elementor-1592\">\n\t\t\t\t\t\t<section class=\"elementor-section elementor-top-section elementor-element elementor-element-9ad2c77 elementor-section-boxed elementor-section-height-default elementor-section-height-default\" data-id=\"9ad2c77\" data-element_type=\"section\" data-e-type=\"section\" id=\"kontakt\" data-settings=\"{&quot;background_background&quot;:&quot;classic&quot;}\">\n\t\t\t\t\t\t<div class=\"elementor-container elementor-column-gap-no\">\n\t\t\t\t\t<div class=\"elementor-column elementor-col-100 elementor-top-column elementor-element elementor-element-5b81073\" data-id=\"5b81073\" data-element_type=\"column\" data-e-type=\"column\">\n\t\t\t<div class=\"elementor-widget-wrap elementor-element-populated\">\n\t\t\t\t\t\t<div class=\"elementor-element elementor-element-1a7bdc9c elementor-widget elementor-widget-heading\" data-id=\"1a7bdc9c\" data-element_type=\"widget\" data-e-type=\"widget\" data-widget_type=\"heading.default\">\n\t\t\t\t<div class=\"elementor-widget-container\">\n\t\t\t\t\t<h2 class=\"elementor-heading-title elementor-size-default\">Impressum<\/h2>\t\t\t\t<\/div>\n\t\t\t\t<\/div>\n\t\t\t\t<section class=\"elementor-section elementor-inner-section elementor-element elementor-element-33f4df8 elementor-section-boxed elementor-section-height-default elementor-section-height-default\" data-id=\"33f4df8\" data-element_type=\"section\" data-e-type=\"section\">\n\t\t\t\t\t\t<div class=\"elementor-container elementor-column-gap-default\">\n\t\t\t\t\t<div class=\"elementor-column elementor-col-50 elementor-inner-column elementor-element elementor-element-7ed363e\" data-id=\"7ed363e\" data-element_type=\"column\" data-e-type=\"column\">\n\t\t\t<div class=\"elementor-widget-wrap elementor-element-populated\">\n\t\t\t\t\t\t<div class=\"elementor-element elementor-element-6a36a45 elementor-widget elementor-widget-text-editor\" data-id=\"6a36a45\" data-element_type=\"widget\" data-e-type=\"widget\" data-widget_type=\"text-editor.default\">\n\t\t\t\t<div class=\"elementor-widget-container\">\n\t\t\t\t\t\t\t\t\t<p><strong>Proprietario e responsabile per il contenuto:<br \/><\/strong>Mairl Alois &amp; CO OHG<br \/>Haus am Hang<br \/>Via Ehrenberg 16, 39034 Dobbiaco<br \/>Tel: +39 340 3083657<br \/><a href=\"mailto:info@appartements-toblach.it\">info@appartements-toblach.it<\/a><br \/><a href=\"http:\/\/www.appartements-toblach.it\">www.appartements-toblach.it<\/a><\/p><p>Part.IVA: 00711920215<br \/>CIN: IT021028B479TW69HI<\/p><p><strong>Materiale fotografico:<\/strong><br \/>Fuchsdesign, Drei Zinnen Marketing\/IDM S\u00fcdtirol<\/p><p><strong>Avviso di responsabilit\u00e0:<\/strong><br \/>I marchi e le societ\u00e0 citate su questo sito sono di propriet\u00e0 del apposito titolare.<br \/>Nonostante l\u2019attento controllo dei contenuti, non assumiamo nessuna responsabilit\u00e0 per i contenuti relativi a link esterni. Sono responsabili per il contenuto delle pagine collegate esclusivamente i gestori delle pagine stesse.<\/p>\t\t\t\t\t\t\t\t<\/div>\n\t\t\t\t<\/div>\n\t\t\t\t\t<\/div>\n\t\t<\/div>\n\t\t\t\t<div class=\"elementor-column elementor-col-50 elementor-inner-column elementor-element elementor-element-b69bd00\" data-id=\"b69bd00\" data-element_type=\"column\" data-e-type=\"column\">\n\t\t\t<div class=\"elementor-widget-wrap elementor-element-populated\">\n\t\t\t\t\t\t<div class=\"elementor-element elementor-element-6083019 elementor-widget elementor-widget-text-editor\" data-id=\"6083019\" data-element_type=\"widget\" data-e-type=\"widget\" data-widget_type=\"text-editor.default\">\n\t\t\t\t<div class=\"elementor-widget-container\">\n\t\t\t\t\t\t\t\t\t<p><strong>Realizzazione, Concetto &amp; Design:<br \/><\/strong>Fuchsdesign<br \/>Via Dolomiti 25a, 39034 Dobbiaco<br \/>Alto Adige \u2013 Italia<br \/>Tel +39 0474 979 048<br \/><a href=\"mailto:info@fuchsdesign.it\">info@fuchsdesign.it<\/a><br \/><a class=\"external-link-new-window\" title=\"Opens external link in new window\" href=\"http:\/\/www.fuchsdesign.it\/\" target=\"_blank\" rel=\"noopener noreferrer\">www.fuchsdesign.it<\/a><\/p><p><strong>Informazione obbligatoria ai sensi del Regolamento UE n. 524\/2016 del Parlamento europeo e del Consiglio<\/strong><br \/><a href=\"https:\/\/ec.europa.eu\/consumers\/odr\/\" target=\"_blank\" rel=\"noopener\">Piattaforma per la risoluzione delle controversie<\/a> online dei consumatori (ODR) della Commissione europea.<\/p>\t\t\t\t\t\t\t\t<\/div>\n\t\t\t\t<\/div>\n\t\t\t\t\t<\/div>\n\t\t<\/div>\n\t\t\t\t\t<\/div>\n\t\t<\/section>\n\t\t\t\t\t<\/div>\n\t\t<\/div>\n\t\t\t\t\t<\/div>\n\t\t<\/section>\n\t\t\t\t<\/div>\n\t\t","protected":false},"excerpt":{"rendered":"<p>Impressum Proprietario e responsabile per il contenuto:Mairl Alois &amp; CO OHGHaus am HangVia Ehrenberg 16, 39034 DobbiacoTel: +39 340 3083657info@appartements-toblach.itwww.appartements-toblach.it Part.IVA: 00711920215CIN: IT021028B479TW69HI Materiale fotografico:Fuchsdesign, Drei Zinnen Marketing\/IDM S\u00fcdtirol Avviso di responsabilit\u00e0:I marchi e le societ\u00e0 citate su questo sito sono di propriet\u00e0 del apposito titolare.Nonostante l\u2019attento controllo dei contenuti, non assumiamo nessuna responsabilit\u00e0 per [&hellip;]<\/p>\n","protected":false},"author":1,"featured_media":0,"parent":0,"menu_order":0,"comment_status":"closed","ping_status":"closed","template":"full-width.php","meta":{"_acf_changed":false,"footnotes":""},"class_list":["post-1625","page","type-page","status-publish","hentry"],"acf":[],"yoast_head":"<!-- This site is optimized with the Yoast SEO plugin v27.3 - https:\/\/yoast.com\/product\/yoast-seo-wordpress\/ -->\n<title>Impressum - Haus am Hang<\/title>\n<meta name=\"robots\" content=\"index, follow, max-snippet:-1, max-image-preview:large, max-video-preview:-1\" \/>\n<link rel=\"canonical\" href=\"https:\/\/www.appartements-toblach.it\/it\/impressum\/\" \/>\n<meta property=\"og:locale\" content=\"it_IT\" \/>\n<meta property=\"og:type\" content=\"article\" \/>\n<meta property=\"og:title\" content=\"Impressum - Haus am Hang\" \/>\n<meta property=\"og:description\" content=\"Impressum Proprietario e responsabile per il contenuto:Mairl Alois &amp; CO OHGHaus am HangVia Ehrenberg 16, 39034 DobbiacoTel: +39 340 3083657info@appartements-toblach.itwww.appartements-toblach.it Part.IVA: 00711920215CIN: IT021028B479TW69HI Materiale fotografico:Fuchsdesign, Drei Zinnen Marketing\/IDM S\u00fcdtirol Avviso di responsabilit\u00e0:I marchi e le societ\u00e0 citate su questo sito sono di propriet\u00e0 del apposito titolare.Nonostante l\u2019attento controllo dei contenuti, non assumiamo nessuna responsabilit\u00e0 per [&hellip;]\" \/>\n<meta property=\"og:url\" content=\"https:\/\/www.appartements-toblach.it\/it\/impressum\/\" \/>\n<meta property=\"og:site_name\" content=\"Haus am Hang\" \/>\n<meta property=\"article:modified_time\" content=\"2026-01-28T09:49:42+00:00\" \/>\n<meta name=\"twitter:card\" content=\"summary_large_image\" \/>\n<meta name=\"twitter:label1\" content=\"Tempo di lettura stimato\" \/>\n\t<meta name=\"twitter:data1\" content=\"1 minuto\" \/>\n<script type=\"application\/ld+json\" class=\"yoast-schema-graph\">{\"@context\":\"https:\\\/\\\/schema.org\",\"@graph\":[{\"@type\":\"WebPage\",\"@id\":\"https:\\\/\\\/www.appartements-toblach.it\\\/it\\\/impressum\\\/\",\"url\":\"https:\\\/\\\/www.appartements-toblach.it\\\/it\\\/impressum\\\/\",\"name\":\"Impressum - Haus am Hang\",\"isPartOf\":{\"@id\":\"https:\\\/\\\/www.appartements-toblach.it\\\/#website\"},\"datePublished\":\"2021-01-12T09:10:57+00:00\",\"dateModified\":\"2026-01-28T09:49:42+00:00\",\"breadcrumb\":{\"@id\":\"https:\\\/\\\/www.appartements-toblach.it\\\/it\\\/impressum\\\/#breadcrumb\"},\"inLanguage\":\"it-IT\",\"potentialAction\":[{\"@type\":\"ReadAction\",\"target\":[\"https:\\\/\\\/www.appartements-toblach.it\\\/it\\\/impressum\\\/\"]}]},{\"@type\":\"BreadcrumbList\",\"@id\":\"https:\\\/\\\/www.appartements-toblach.it\\\/it\\\/impressum\\\/#breadcrumb\",\"itemListElement\":[{\"@type\":\"ListItem\",\"position\":1,\"name\":\"Startseite\",\"item\":\"https:\\\/\\\/www.appartements-toblach.it\\\/it\\\/\"},{\"@type\":\"ListItem\",\"position\":2,\"name\":\"Impressum\"}]},{\"@type\":\"WebSite\",\"@id\":\"https:\\\/\\\/www.appartements-toblach.it\\\/#website\",\"url\":\"https:\\\/\\\/www.appartements-toblach.it\\\/\",\"name\":\"Appartements Haus am Hang\",\"description\":\"Appartamenti Dobbiaco\",\"publisher\":{\"@id\":\"https:\\\/\\\/www.appartements-toblach.it\\\/#organization\"},\"potentialAction\":[{\"@type\":\"SearchAction\",\"target\":{\"@type\":\"EntryPoint\",\"urlTemplate\":\"https:\\\/\\\/www.appartements-toblach.it\\\/?s={search_term_string}\"},\"query-input\":{\"@type\":\"PropertyValueSpecification\",\"valueRequired\":true,\"valueName\":\"search_term_string\"}}],\"inLanguage\":\"it-IT\"},{\"@type\":\"Organization\",\"@id\":\"https:\\\/\\\/www.appartements-toblach.it\\\/#organization\",\"name\":\"Haus am Hang\",\"url\":\"https:\\\/\\\/www.appartements-toblach.it\\\/\",\"logo\":{\"@type\":\"ImageObject\",\"inLanguage\":\"it-IT\",\"@id\":\"https:\\\/\\\/www.appartements-toblach.it\\\/#\\\/schema\\\/logo\\\/image\\\/\",\"url\":\"https:\\\/\\\/www.appartements-toblach.it\\\/wp-content\\\/uploads\\\/logo-haus-am-hang2.svg\",\"contentUrl\":\"https:\\\/\\\/www.appartements-toblach.it\\\/wp-content\\\/uploads\\\/logo-haus-am-hang2.svg\",\"width\":1,\"height\":1,\"caption\":\"Haus am Hang\"},\"image\":{\"@id\":\"https:\\\/\\\/www.appartements-toblach.it\\\/#\\\/schema\\\/logo\\\/image\\\/\"}}]}<\/script>\n<!-- \/ Yoast SEO plugin. -->","yoast_head_json":{"title":"Impressum - Haus am Hang","robots":{"index":"index","follow":"follow","max-snippet":"max-snippet:-1","max-image-preview":"max-image-preview:large","max-video-preview":"max-video-preview:-1"},"canonical":"https:\/\/www.appartements-toblach.it\/it\/impressum\/","og_locale":"it_IT","og_type":"article","og_title":"Impressum - Haus am Hang","og_description":"Impressum Proprietario e responsabile per il contenuto:Mairl Alois &amp; CO OHGHaus am HangVia Ehrenberg 16, 39034 DobbiacoTel: +39 340 3083657info@appartements-toblach.itwww.appartements-toblach.it Part.IVA: 00711920215CIN: IT021028B479TW69HI Materiale fotografico:Fuchsdesign, Drei Zinnen Marketing\/IDM S\u00fcdtirol Avviso di responsabilit\u00e0:I marchi e le societ\u00e0 citate su questo sito sono di propriet\u00e0 del apposito titolare.Nonostante l\u2019attento controllo dei contenuti, non assumiamo nessuna responsabilit\u00e0 per [&hellip;]","og_url":"https:\/\/www.appartements-toblach.it\/it\/impressum\/","og_site_name":"Haus am Hang","article_modified_time":"2026-01-28T09:49:42+00:00","twitter_card":"summary_large_image","twitter_misc":{"Tempo di lettura stimato":"1 minuto"},"schema":{"@context":"https:\/\/schema.org","@graph":[{"@type":"WebPage","@id":"https:\/\/www.appartements-toblach.it\/it\/impressum\/","url":"https:\/\/www.appartements-toblach.it\/it\/impressum\/","name":"Impressum - Haus am Hang","isPartOf":{"@id":"https:\/\/www.appartements-toblach.it\/#website"},"datePublished":"2021-01-12T09:10:57+00:00","dateModified":"2026-01-28T09:49:42+00:00","breadcrumb":{"@id":"https:\/\/www.appartements-toblach.it\/it\/impressum\/#breadcrumb"},"inLanguage":"it-IT","potentialAction":[{"@type":"ReadAction","target":["https:\/\/www.appartements-toblach.it\/it\/impressum\/"]}]},{"@type":"BreadcrumbList","@id":"https:\/\/www.appartements-toblach.it\/it\/impressum\/#breadcrumb","itemListElement":[{"@type":"ListItem","position":1,"name":"Startseite","item":"https:\/\/www.appartements-toblach.it\/it\/"},{"@type":"ListItem","position":2,"name":"Impressum"}]},{"@type":"WebSite","@id":"https:\/\/www.appartements-toblach.it\/#website","url":"https:\/\/www.appartements-toblach.it\/","name":"Appartements Haus am Hang","description":"Appartamenti Dobbiaco","publisher":{"@id":"https:\/\/www.appartements-toblach.it\/#organization"},"potentialAction":[{"@type":"SearchAction","target":{"@type":"EntryPoint","urlTemplate":"https:\/\/www.appartements-toblach.it\/?s={search_term_string}"},"query-input":{"@type":"PropertyValueSpecification","valueRequired":true,"valueName":"search_term_string"}}],"inLanguage":"it-IT"},{"@type":"Organization","@id":"https:\/\/www.appartements-toblach.it\/#organization","name":"Haus am Hang","url":"https:\/\/www.appartements-toblach.it\/","logo":{"@type":"ImageObject","inLanguage":"it-IT","@id":"https:\/\/www.appartements-toblach.it\/#\/schema\/logo\/image\/","url":"https:\/\/www.appartements-toblach.it\/wp-content\/uploads\/logo-haus-am-hang2.svg","contentUrl":"https:\/\/www.appartements-toblach.it\/wp-content\/uploads\/logo-haus-am-hang2.svg","width":1,"height":1,"caption":"Haus am Hang"},"image":{"@id":"https:\/\/www.appartements-toblach.it\/#\/schema\/logo\/image\/"}}]}},"_links":{"self":[{"href":"https:\/\/www.appartements-toblach.it\/it\/wp-json\/wp\/v2\/pages\/1625","targetHints":{"allow":["GET"]}}],"collection":[{"href":"https:\/\/www.appartements-toblach.it\/it\/wp-json\/wp\/v2\/pages"}],"about":[{"href":"https:\/\/www.appartements-toblach.it\/it\/wp-json\/wp\/v2\/types\/page"}],"author":[{"embeddable":true,"href":"https:\/\/www.appartements-toblach.it\/it\/wp-json\/wp\/v2\/users\/1"}],"replies":[{"embeddable":true,"href":"https:\/\/www.appartements-toblach.it\/it\/wp-json\/wp\/v2\/comments?post=1625"}],"version-history":[{"count":0,"href":"https:\/\/www.appartements-toblach.it\/it\/wp-json\/wp\/v2\/pages\/1625\/revisions"}],"wp:attachment":[{"href":"https:\/\/www.appartements-toblach.it\/it\/wp-json\/wp\/v2\/media?parent=1625"}],"curies":[{"name":"wp","href":"https:\/\/api.w.org\/{rel}","templated":true}]}}